{"id":1705,"date":"2025-04-28T13:25:13","date_gmt":"2025-04-28T11:25:13","guid":{"rendered":"https:\/\/sympulse.cz\/?page_id=1705"},"modified":"2025-04-28T13:27:13","modified_gmt":"2025-04-28T11:27:13","slug":"novinky","status":"publish","type":"page","link":"https:\/\/sympulse.cz\/index.php\/cs\/novinky\/","title":{"rendered":"Novinky"},"content":{"rendered":"\t\t<div data-elementor-type=\"wp-page\" data-elementor-id=\"1705\" class=\"elementor elementor-1705\" data-elementor-post-type=\"page\">\n\t\t\t\t<div class=\"elementor-element elementor-element-f58dc99 e-con-full e-flex e-con e-child\" data-id=\"f58dc99\" data-element_type=\"container\" data-e-type=\"container\" data-settings=\"{&quot;background_background&quot;:&quot;classic&quot;}\">\n\t\t<div class=\"elementor-element elementor-element-74f186b e-con-full e-flex e-con e-child\" data-id=\"74f186b\" data-element_type=\"container\" data-e-type=\"container\">\n\t\t\t\t<div class=\"elementor-element elementor-element-1e11b19 elementor-widget elementor-widget-heading\" data-id=\"1e11b19\" data-element_type=\"widget\" data-e-type=\"widget\" data-widget_type=\"heading.default\">\n\t\t\t\t<div class=\"elementor-widget-container\">\n\t\t\t\t\t<h2 class=\"elementor-heading-title elementor-size-default\">Novinky<\/h2>\t\t\t\t<\/div>\n\t\t\t\t<\/div>\n\t\t\t\t<div class=\"elementor-element elementor-element-1eae3c1 elementor-posts--align-center elementor-widget-mobile__width-inherit elementor-grid-3 elementor-grid-tablet-2 elementor-grid-mobile-1 elementor-posts--thumbnail-top elementor-widget elementor-widget-posts\" data-id=\"1eae3c1\" data-element_type=\"widget\" data-e-type=\"widget\" data-settings=\"{&quot;classic_row_gap&quot;:{&quot;unit&quot;:&quot;px&quot;,&quot;size&quot;:50,&quot;sizes&quot;:[]},&quot;pagination_type&quot;:&quot;load_more_infinite_scroll&quot;,&quot;classic_columns&quot;:&quot;3&quot;,&quot;classic_columns_tablet&quot;:&quot;2&quot;,&quot;classic_columns_mobile&quot;:&quot;1&quot;,&quot;classic_row_gap_tablet&quot;:{&quot;unit&quot;:&quot;px&quot;,&quot;size&quot;:&quot;&quot;,&quot;sizes&quot;:[]},&quot;classic_row_gap_mobile&quot;:{&quot;unit&quot;:&quot;px&quot;,&quot;size&quot;:&quot;&quot;,&quot;sizes&quot;:[]},&quot;load_more_spinner&quot;:{&quot;value&quot;:&quot;fas fa-spinner&quot;,&quot;library&quot;:&quot;fa-solid&quot;}}\" data-widget_type=\"posts.classic\">\n\t\t\t\t<div class=\"elementor-widget-container\">\n\t\t\t\t\t\t\t<div class=\"elementor-posts-container elementor-posts elementor-posts--skin-classic elementor-grid\" role=\"list\">\n\t\t\t\t<article class=\"elementor-post elementor-grid-item post-1591 post type-post status-publish format-standard has-post-thumbnail hentry category-nezarazene tag-cz tag-en\" role=\"listitem\">\n\t\t\t\t<a class=\"elementor-post__thumbnail__link\" href=\"https:\/\/sympulse.cz\/index.php\/2025\/04\/22\/one-last-major-project-and-then-its-over-the-experienced-manager-announces-his-return-with-a-new-group\/\" tabindex=\"-1\" >\n\t\t\t<div class=\"elementor-post__thumbnail\"><img fetchpriority=\"high\" decoding=\"async\" width=\"300\" height=\"169\" src=\"https:\/\/sympulse.cz\/wp-content\/uploads\/2025\/04\/news-synteca-branislav-300x169.webp\" class=\"attachment-medium size-medium wp-image-1593\" alt=\"\" srcset=\"https:\/\/sympulse.cz\/wp-content\/uploads\/2025\/04\/news-synteca-branislav-300x169.webp 300w, https:\/\/sympulse.cz\/wp-content\/uploads\/2025\/04\/news-synteca-branislav-768x432.webp 768w, https:\/\/sympulse.cz\/wp-content\/uploads\/2025\/04\/news-synteca-branislav.webp 800w\" sizes=\"(max-width: 300px) 100vw, 300px\" \/><\/div>\n\t\t<\/a>\n\t\t\t\t<div class=\"elementor-post__text\">\n\t\t\t\t<h3 class=\"elementor-post__title\">\n\t\t\t<a href=\"https:\/\/sympulse.cz\/index.php\/2025\/04\/22\/one-last-major-project-and-then-its-over-the-experienced-manager-announces-his-return-with-a-new-group\/\" >\n\t\t\t\tOne last major project, and then it\u2019s over. The experienced manager announces his return with a new group.\t\t\t<\/a>\n\t\t<\/h3>\n\t\t\t\t<div class=\"elementor-post__meta-data\">\n\t\t\t\t\t<span class=\"elementor-post-date\">\n\t\t\t22. 4. 2025\t\t<\/span>\n\t\t\t\t<\/div>\n\t\t\n\t\t<a class=\"elementor-post__read-more\" href=\"https:\/\/sympulse.cz\/index.php\/2025\/04\/22\/one-last-major-project-and-then-its-over-the-experienced-manager-announces-his-return-with-a-new-group\/\" aria-label=\"Read more about One last major project, and then it\u2019s over. The experienced manager announces his return with a new group.\" tabindex=\"-1\" >\n\t\t\t\u010c\u00edst d\u00e1le \u00bb\t\t<\/a>\n\n\t\t\t\t<\/div>\n\t\t\t\t<\/article>\n\t\t\t\t<article class=\"elementor-post elementor-grid-item post-1449 post type-post status-publish format-standard has-post-thumbnail hentry category-nezarazene tag-cz\" role=\"listitem\">\n\t\t\t\t<a class=\"elementor-post__thumbnail__link\" href=\"https:\/\/sympulse.cz\/index.php\/2025\/03\/20\/svaty-kvantovy-gral\/\" tabindex=\"-1\" >\n\t\t\t<div class=\"elementor-post__thumbnail\"><img decoding=\"async\" width=\"300\" height=\"168\" src=\"https:\/\/sympulse.cz\/wp-content\/uploads\/2025\/03\/news-svaty-gral-300x168.webp\" class=\"attachment-medium size-medium wp-image-1599\" alt=\"\" srcset=\"https:\/\/sympulse.cz\/wp-content\/uploads\/2025\/03\/news-svaty-gral-300x168.webp 300w, https:\/\/sympulse.cz\/wp-content\/uploads\/2025\/03\/news-svaty-gral-768x431.webp 768w, https:\/\/sympulse.cz\/wp-content\/uploads\/2025\/03\/news-svaty-gral.webp 800w\" sizes=\"(max-width: 300px) 100vw, 300px\" \/><\/div>\n\t\t<\/a>\n\t\t\t\t<div class=\"elementor-post__text\">\n\t\t\t\t<h3 class=\"elementor-post__title\">\n\t\t\t<a href=\"https:\/\/sympulse.cz\/index.php\/2025\/03\/20\/svaty-kvantovy-gral\/\" >\n\t\t\t\tSvat\u00fd kvantov\u00fd gr\u00e1l\t\t\t<\/a>\n\t\t<\/h3>\n\t\t\t\t<div class=\"elementor-post__meta-data\">\n\t\t\t\t\t<span class=\"elementor-post-date\">\n\t\t\t20. 3. 2025\t\t<\/span>\n\t\t\t\t<\/div>\n\t\t\n\t\t<a class=\"elementor-post__read-more\" href=\"https:\/\/sympulse.cz\/index.php\/2025\/03\/20\/svaty-kvantovy-gral\/\" aria-label=\"Read more about Svat\u00fd kvantov\u00fd gr\u00e1l\" tabindex=\"-1\" >\n\t\t\t\u010c\u00edst d\u00e1le \u00bb\t\t<\/a>\n\n\t\t\t\t<\/div>\n\t\t\t\t<\/article>\n\t\t\t\t<\/div>\n\t\t\t\t\t<span class=\"e-load-more-spinner\">\n\t\t\t\t<svg aria-hidden=\"true\" class=\"e-font-icon-svg e-fas-spinner\" viewBox=\"0 0 512 512\" xmlns=\"http:\/\/www.w3.org\/2000\/svg\"><path d=\"M304 48c0 26.51-21.49 48-48 48s-48-21.49-48-48 21.49-48 48-48 48 21.49 48 48zm-48 368c-26.51 0-48 21.49-48 48s21.49 48 48 48 48-21.49 48-48-21.49-48-48-48zm208-208c-26.51 0-48 21.49-48 48s21.49 48 48 48 48-21.49 48-48-21.49-48-48-48zM96 256c0-26.51-21.49-48-48-48S0 229.49 0 256s21.49 48 48 48 48-21.49 48-48zm12.922 99.078c-26.51 0-48 21.49-48 48s21.49 48 48 48 48-21.49 48-48c0-26.509-21.491-48-48-48zm294.156 0c-26.51 0-48 21.49-48 48s21.49 48 48 48 48-21.49 48-48c0-26.509-21.49-48-48-48zM108.922 60.922c-26.51 0-48 21.49-48 48s21.49 48 48 48 48-21.49 48-48-21.491-48-48-48z\"><\/path><\/svg>\t\t\t<\/span>\n\t\t\n\t\t\t\t\t\t<\/div>\n\t\t\t\t<\/div>\n\t\t\t\t<\/div>\n\t\t\t\t<\/div>\n\t\t\t\t<\/div>\n\t\t","protected":false},"excerpt":{"rendered":"<p>Novinky<\/p>\n","protected":false},"author":2,"featured_media":0,"parent":0,"menu_order":0,"comment_status":"closed","ping_status":"closed","template":"elementor_theme","meta":{"inline_featured_image":false,"footnotes":""},"class_list":["post-1705","page","type-page","status-publish","hentry"],"_links":{"self":[{"href":"https:\/\/sympulse.cz\/index.php\/wp-json\/wp\/v2\/pages\/1705","targetHints":{"allow":["GET"]}}],"collection":[{"href":"https:\/\/sympulse.cz\/index.php\/wp-json\/wp\/v2\/pages"}],"about":[{"href":"https:\/\/sympulse.cz\/index.php\/wp-json\/wp\/v2\/types\/page"}],"author":[{"embeddable":true,"href":"https:\/\/sympulse.cz\/index.php\/wp-json\/wp\/v2\/users\/2"}],"replies":[{"embeddable":true,"href":"https:\/\/sympulse.cz\/index.php\/wp-json\/wp\/v2\/comments?post=1705"}],"version-history":[{"count":0,"href":"https:\/\/sympulse.cz\/index.php\/wp-json\/wp\/v2\/pages\/1705\/revisions"}],"wp:attachment":[{"href":"https:\/\/sympulse.cz\/index.php\/wp-json\/wp\/v2\/media?parent=1705"}],"curies":[{"name":"wp","href":"https:\/\/api.w.org\/{rel}","templated":true}]}}